{"id":6394,"date":"2021-02-14T18:41:44","date_gmt":"2021-02-14T18:41:44","guid":{"rendered":"https:\/\/www.simonegodina.com\/ponudba\/?page_id=6394"},"modified":"2021-05-24T12:22:45","modified_gmt":"2021-05-24T12:22:45","slug":"prijava-na-12-tedenski-abc-detox-program-simone-godina","status":"publish","type":"page","link":"https:\/\/www.simonegodina.com\/ponudba\/prijava-na-12-tedenski-abc-detox-program-simone-godina\/","title":{"rendered":"Prijava na 12-tedenski ABC detox program | Simone Godina"},"content":{"rendered":"\t\t<div data-elementor-type=\"wp-post\" data-elementor-id=\"6394\" class=\"elementor elementor-6394\" data-elementor-settings=\"[]\">\n\t\t\t\t\t\t<div class=\"elementor-inner\">\n\t\t\t\t\t\t\t<div class=\"elementor-section-wrap\">\n\t\t\t\t\t\t\t<section class=\"elementor-section elementor-top-section elementor-element elementor-element-17b7b27 elementor-section-content-middle elementor-hidden-phone elementor-section-boxed elementor-section-height-default elementor-section-height-default\" data-id=\"17b7b27\" data-element_type=\"section\" data-settings=\"{&quot;background_background&quot;:&quot;classic&quot;,&quot;sticky_on&quot;:[&quot;desktop&quot;,&quot;tablet&quot;],&quot;sticky&quot;:&quot;top&quot;,&quot;sticky_offset&quot;:0,&quot;sticky_effects_offset&quot;:0}\">\n\t\t\t\t\t\t<div class=\"elementor-container elementor-column-gap-default\">\n\t\t\t\t\t\t\t<div class=\"elementor-row\">\n\t\t\t\t\t<div class=\"elementor-column elementor-col-25 elementor-top-column elementor-element elementor-element-28f0cdb\" data-id=\"28f0cdb\" data-element_type=\"column\">\n\t\t\t<div class=\"elementor-column-wrap elementor-element-populated\">\n\t\t\t\t\t\t\t<div class=\"elementor-widget-wrap\">\n\t\t\t\t\t\t<div class=\"elementor-element elementor-element-06d3e51 elementor-widget elementor-widget-image\" data-id=\"06d3e51\" data-element_type=\"widget\" data-widget_type=\"image.default\">\n\t\t\t\t<div class=\"elementor-widget-container\">\n\t\t\t\t\t<div class=\"elementor-image\">\n\t\t\t\t\t\t\t\t\t\t<img width=\"300\" height=\"72\" src=\"https:\/\/www.simonegodina.com\/ponudba\/wp-content\/uploads\/2021\/02\/simon-godine-zdravstveni-trener-logo.png\" class=\"attachment-full size-full\" alt=\"\" \/>\t\t\t\t\t\t\t\t\t\t\t<\/div>\n\t\t\t\t<\/div>\n\t\t\t\t<\/div>\n\t\t\t\t\t\t<\/div>\n\t\t\t\t\t<\/div>\n\t\t<\/div>\n\t\t\t\t<div class=\"elementor-column elementor-col-25 elementor-top-column elementor-element elementor-element-a0fd39e\" data-id=\"a0fd39e\" data-element_type=\"column\">\n\t\t\t<div class=\"elementor-column-wrap elementor-element-populated\">\n\t\t\t\t\t\t\t<div class=\"elementor-widget-wrap\">\n\t\t\t\t\t\t<div class=\"elementor-element elementor-element-0a75137 elementor-view-default elementor-widget elementor-widget-icon\" data-id=\"0a75137\" data-element_type=\"widget\" data-widget_type=\"icon.default\">\n\t\t\t\t<div class=\"elementor-widget-container\">\n\t\t\t\t\t<div class=\"elementor-icon-wrapper\">\n\t\t\t<a class=\"elementor-icon\" href=\"tel:040-291-165\">\n\t\t\t<i aria-hidden=\"true\" class=\"fas fa-phone-alt\"><\/i>\t\t\t<\/a>\n\t\t<\/div>\n\t\t\t\t<\/div>\n\t\t\t\t<\/div>\n\t\t\t\t\t\t<\/div>\n\t\t\t\t\t<\/div>\n\t\t<\/div>\n\t\t\t\t<div class=\"elementor-column elementor-col-25 elementor-top-column elementor-element elementor-element-bfc9f4b\" data-id=\"bfc9f4b\" data-element_type=\"column\">\n\t\t\t<div class=\"elementor-column-wrap elementor-element-populated\">\n\t\t\t\t\t\t\t<div class=\"elementor-widget-wrap\">\n\t\t\t\t\t\t<div class=\"elementor-element elementor-element-47d285d elementor-view-default elementor-widget elementor-widget-icon\" data-id=\"47d285d\" data-element_type=\"widget\" data-widget_type=\"icon.default\">\n\t\t\t\t<div class=\"elementor-widget-container\">\n\t\t\t\t\t<div class=\"elementor-icon-wrapper\">\n\t\t\t<a class=\"elementor-icon\" href=\"mailto:info@simonegodina.com\">\n\t\t\t<i aria-hidden=\"true\" class=\"fas fa-envelope\"><\/i>\t\t\t<\/a>\n\t\t<\/div>\n\t\t\t\t<\/div>\n\t\t\t\t<\/div>\n\t\t\t\t\t\t<\/div>\n\t\t\t\t\t<\/div>\n\t\t<\/div>\n\t\t\t\t<div class=\"elementor-column elementor-col-25 elementor-top-column elementor-element elementor-element-cd2574c\" data-id=\"cd2574c\" data-element_type=\"column\">\n\t\t\t<div class=\"elementor-column-wrap elementor-element-populated\">\n\t\t\t\t\t\t\t<div class=\"elementor-widget-wrap\">\n\t\t\t\t\t\t<div class=\"elementor-element elementor-element-6af0c97 elementor-align-justify elementor-mobile-align-center elementor-widget elementor-widget-button\" data-id=\"6af0c97\" data-element_type=\"widget\" data-widget_type=\"button.default\">\n\t\t\t\t<div class=\"elementor-widget-container\">\n\t\t\t\t\t<div class=\"elementor-button-wrapper\">\n\t\t\t<a href=\"https:\/\/www.izidora.si\/\" class=\"elementor-button-link elementor-button elementor-size-sm\" role=\"button\">\n\t\t\t\t\t\t<span class=\"elementor-button-content-wrapper\">\n\t\t\t\t\t\t<span class=\"elementor-button-text\">PRIJAVI SE!<\/span>\n\t\t<\/span>\n\t\t\t\t\t<\/a>\n\t\t<\/div>\n\t\t\t\t<\/div>\n\t\t\t\t<\/div>\n\t\t\t\t\t\t<\/div>\n\t\t\t\t\t<\/div>\n\t\t<\/div>\n\t\t\t\t\t\t\t\t<\/div>\n\t\t\t\t\t<\/div>\n\t\t<\/section>\n\t\t\t\t<section class=\"elementor-section elementor-top-section elementor-element elementor-element-782e11c elementor-section-content-middle elementor-hidden-desktop elementor-hidden-tablet elementor-section-boxed elementor-section-height-default elementor-section-height-default\" data-id=\"782e11c\" data-element_type=\"section\" data-settings=\"{&quot;background_background&quot;:&quot;classic&quot;,&quot;sticky&quot;:&quot;top&quot;,&quot;sticky_on&quot;:[&quot;desktop&quot;,&quot;tablet&quot;,&quot;mobile&quot;],&quot;sticky_offset&quot;:0,&quot;sticky_effects_offset&quot;:0}\">\n\t\t\t\t\t\t<div class=\"elementor-container elementor-column-gap-no\">\n\t\t\t\t\t\t\t<div class=\"elementor-row\">\n\t\t\t\t\t<div class=\"elementor-column elementor-col-50 elementor-top-column elementor-element elementor-element-e782342\" data-id=\"e782342\" data-element_type=\"column\">\n\t\t\t<div class=\"elementor-column-wrap elementor-element-populated\">\n\t\t\t\t\t\t\t<div class=\"elementor-widget-wrap\">\n\t\t\t\t\t\t<div class=\"elementor-element elementor-element-7b16df7 elementor-align-justify elementor-mobile-align-center elementor-widget elementor-widget-button\" data-id=\"7b16df7\" data-element_type=\"widget\" data-widget_type=\"button.default\">\n\t\t\t\t<div class=\"elementor-widget-container\">\n\t\t\t\t\t<div class=\"elementor-button-wrapper\">\n\t\t\t<a href=\"https:\/\/www.izidora.si\/\" class=\"elementor-button-link elementor-button elementor-size-sm\" role=\"button\">\n\t\t\t\t\t\t<span class=\"elementor-button-content-wrapper\">\n\t\t\t\t\t\t<span class=\"elementor-button-text\">PRIJAVI SE!<\/span>\n\t\t<\/span>\n\t\t\t\t\t<\/a>\n\t\t<\/div>\n\t\t\t\t<\/div>\n\t\t\t\t<\/div>\n\t\t\t\t\t\t<\/div>\n\t\t\t\t\t<\/div>\n\t\t<\/div>\n\t\t\t\t<div class=\"elementor-column elementor-col-50 elementor-top-column elementor-element elementor-element-3595c0e\" data-id=\"3595c0e\" data-element_type=\"column\">\n\t\t\t<div class=\"elementor-column-wrap elementor-element-populated\">\n\t\t\t\t\t\t\t<div class=\"elementor-widget-wrap\">\n\t\t\t\t\t\t<div class=\"elementor-element elementor-element-ed85794 elementor-widget elementor-widget-image\" data-id=\"ed85794\" data-element_type=\"widget\" data-widget_type=\"image.default\">\n\t\t\t\t<div class=\"elementor-widget-container\">\n\t\t\t\t\t<div class=\"elementor-image\">\n\t\t\t\t\t\t\t\t\t\t<img width=\"800\" height=\"800\" src=\"https:\/\/www.simonegodina.com\/ponudba\/wp-content\/uploads\/2021\/02\/simon-godine-zdravstveni-trener-logotip.png\" class=\"attachment-full size-full\" alt=\"\" srcset=\"https:\/\/www.simonegodina.com\/ponudba\/wp-content\/uploads\/2021\/02\/simon-godine-zdravstveni-trener-logotip.png 800w, https:\/\/www.simonegodina.com\/ponudba\/wp-content\/uploads\/2021\/02\/simon-godine-zdravstveni-trener-logotip-300x300.png 300w, https:\/\/www.simonegodina.com\/ponudba\/wp-content\/uploads\/2021\/02\/simon-godine-zdravstveni-trener-logotip-150x150.png 150w, https:\/\/www.simonegodina.com\/ponudba\/wp-content\/uploads\/2021\/02\/simon-godine-zdravstveni-trener-logotip-768x768.png 768w, https:\/\/www.simonegodina.com\/ponudba\/wp-content\/uploads\/2021\/02\/simon-godine-zdravstveni-trener-logotip-600x600.png 600w, https:\/\/www.simonegodina.com\/ponudba\/wp-content\/uploads\/2021\/02\/simon-godine-zdravstveni-trener-logotip-100x100.png 100w\" sizes=\"(max-width: 800px) 100vw, 800px\" \/>\t\t\t\t\t\t\t\t\t\t\t<\/div>\n\t\t\t\t<\/div>\n\t\t\t\t<\/div>\n\t\t\t\t\t\t<\/div>\n\t\t\t\t\t<\/div>\n\t\t<\/div>\n\t\t\t\t\t\t\t\t<\/div>\n\t\t\t\t\t<\/div>\n\t\t<\/section>\n\t\t\t\t<section class=\"elementor-section elementor-top-section elementor-element elementor-element-222547fc elementor-section-content-bottom elementor-section-boxed elementor-section-height-default elementor-section-height-default\" data-id=\"222547fc\" data-element_type=\"section\" id=\"glava\" data-settings=\"{&quot;background_background&quot;:&quot;classic&quot;}\">\n\t\t\t\t\t\t\t<div class=\"elementor-background-overlay\"><\/div>\n\t\t\t\t\t\t\t<div class=\"elementor-container elementor-column-gap-no\">\n\t\t\t\t\t\t\t<div class=\"elementor-row\">\n\t\t\t\t\t<div class=\"elementor-column elementor-col-33 elementor-top-column elementor-element elementor-element-ef53561\" data-id=\"ef53561\" data-element_type=\"column\">\n\t\t\t<div class=\"elementor-column-wrap\">\n\t\t\t\t\t\t\t<div class=\"elementor-widget-wrap\">\n\t\t\t\t\t\t\t\t<\/div>\n\t\t\t\t\t<\/div>\n\t\t<\/div>\n\t\t\t\t<div class=\"elementor-column elementor-col-33 elementor-top-column elementor-element elementor-element-78fae109\" data-id=\"78fae109\" data-element_type=\"column\" data-settings=\"{&quot;background_background&quot;:&quot;classic&quot;}\">\n\t\t\t<div class=\"elementor-column-wrap elementor-element-populated\">\n\t\t\t\t\t\t\t<div class=\"elementor-widget-wrap\">\n\t\t\t\t\t\t<section class=\"elementor-section elementor-inner-section elementor-element elementor-element-49853ec elementor-section-boxed elementor-section-height-default elementor-section-height-default\" data-id=\"49853ec\" data-element_type=\"section\">\n\t\t\t\t\t\t<div class=\"elementor-container elementor-column-gap-default\">\n\t\t\t\t\t\t\t<div class=\"elementor-row\">\n\t\t\t\t\t<div class=\"elementor-column elementor-col-100 elementor-inner-column elementor-element elementor-element-cbb943b\" data-id=\"cbb943b\" data-element_type=\"column\">\n\t\t\t<div class=\"elementor-column-wrap elementor-element-populated\">\n\t\t\t\t\t\t\t<div class=\"elementor-widget-wrap\">\n\t\t\t\t\t\t<div class=\"elementor-element elementor-element-659991e elementor-widget elementor-widget-text-editor\" data-id=\"659991e\" data-element_type=\"widget\" data-widget_type=\"text-editor.default\">\n\t\t\t\t<div class=\"elementor-widget-container\">\n\t\t\t\t\t<div class=\"elementor-text-editor elementor-clearfix\"><p>Tukaj se lahko prijavi\u0161 na moj <span style=\"color: #f18080; font-size: 35px;\">12-tedenski program ABC LAHKOTNA ESTROGENKA.<\/span> Izpolni spodnja polja in po\u010dakaj na potrditev za uspe\u0161no prijavo.<\/p><p>Se vidiva! \ud83d\ude42<\/p><\/div>\n\t\t\t\t<\/div>\n\t\t\t\t<\/div>\n\t\t\t\t<div class=\"elementor-element elementor-element-26938bf elementor-widget elementor-widget-text-editor\" data-id=\"26938bf\" data-element_type=\"widget\" data-widget_type=\"text-editor.default\">\n\t\t\t\t<div class=\"elementor-widget-container\">\n\t\t\t\t\t<div class=\"elementor-text-editor elementor-clearfix\"><p><s>REDNA CENA: 647,00 \u20ac<\/s><\/p><p><span style=\"color: #f18080; font-size: 25px;\">AKCIJSKA CENA: 297<\/span>,00 \u20ac<\/p><p>\u00a0<\/p><\/div>\n\t\t\t\t<\/div>\n\t\t\t\t<\/div>\n\t\t\t\t\t\t<\/div>\n\t\t\t\t\t<\/div>\n\t\t<\/div>\n\t\t\t\t\t\t\t\t<\/div>\n\t\t\t\t\t<\/div>\n\t\t<\/section>\n\t\t\t\t<section class=\"elementor-section elementor-inner-section elementor-element elementor-element-8d31f9d elementor-section-boxed elementor-section-height-default elementor-section-height-default\" data-id=\"8d31f9d\" data-element_type=\"section\">\n\t\t\t\t\t\t<div class=\"elementor-container elementor-column-gap-default\">\n\t\t\t\t\t\t\t<div class=\"elementor-row\">\n\t\t\t\t\t<div class=\"elementor-column elementor-col-50 elementor-inner-column elementor-element elementor-element-6d0d820\" data-id=\"6d0d820\" data-element_type=\"column\">\n\t\t\t<div class=\"elementor-column-wrap elementor-element-populated\">\n\t\t\t\t\t\t\t<div class=\"elementor-widget-wrap\">\n\t\t\t\t\t\t<div class=\"elementor-element elementor-element-5bc5c12 elementor-widget elementor-widget-image\" data-id=\"5bc5c12\" data-element_type=\"widget\" data-widget_type=\"image.default\">\n\t\t\t\t<div class=\"elementor-widget-container\">\n\t\t\t\t\t<div class=\"elementor-image\">\n\t\t\t\t\t\t\t\t\t\t<img width=\"667\" height=\"1000\" src=\"https:\/\/www.simonegodina.com\/ponudba\/wp-content\/uploads\/2021\/02\/SG_Profilna-slika_VSTOPNA-STRAN_slider_IZREZANA_72dpi.png\" class=\"attachment-large size-large\" alt=\"Simone-Godina-Hormonska-strokovnjakinja\" srcset=\"https:\/\/www.simonegodina.com\/ponudba\/wp-content\/uploads\/2021\/02\/SG_Profilna-slika_VSTOPNA-STRAN_slider_IZREZANA_72dpi.png 667w, https:\/\/www.simonegodina.com\/ponudba\/wp-content\/uploads\/2021\/02\/SG_Profilna-slika_VSTOPNA-STRAN_slider_IZREZANA_72dpi-200x300.png 200w, https:\/\/www.simonegodina.com\/ponudba\/wp-content\/uploads\/2021\/02\/SG_Profilna-slika_VSTOPNA-STRAN_slider_IZREZANA_72dpi-600x900.png 600w\" sizes=\"(max-width: 667px) 100vw, 667px\" \/>\t\t\t\t\t\t\t\t\t\t\t<\/div>\n\t\t\t\t<\/div>\n\t\t\t\t<\/div>\n\t\t\t\t\t\t<\/div>\n\t\t\t\t\t<\/div>\n\t\t<\/div>\n\t\t\t\t<div class=\"elementor-column elementor-col-50 elementor-inner-column elementor-element elementor-element-2f34c2b\" data-id=\"2f34c2b\" data-element_type=\"column\">\n\t\t\t<div class=\"elementor-column-wrap elementor-element-populated\">\n\t\t\t\t\t\t\t<div class=\"elementor-widget-wrap\">\n\t\t\t\t\t\t<div class=\"elementor-element elementor-element-0e78bf5 elementor-widget elementor-widget-shortcode\" data-id=\"0e78bf5\" data-element_type=\"widget\" data-widget_type=\"shortcode.default\">\n\t\t\t\t<div class=\"elementor-widget-container\">\n\t\t\t\t\t<div class=\"elementor-shortcode\"><div class=\"wpforms-container wpforms-container-full\" id=\"wpforms-6046\"><form id=\"wpforms-form-6046\" class=\"wpforms-validate wpforms-form\" data-formid=\"6046\" method=\"post\" enctype=\"multipart\/form-data\" action=\"\/ponudba\/wp-json\/wp\/v2\/pages\/6394\"><div class=\"wpforms-field-container\"><div id=\"wpforms-6046-field_3-container\" class=\"wpforms-field wpforms-field-text wpforms-one-half wpforms-first\" data-field-id=\"3\"><label class=\"wpforms-field-label\" for=\"wpforms-6046-field_3\">IME IN PRIIMEK <span class=\"wpforms-required-label\">*<\/span><\/label><input type=\"text\" id=\"wpforms-6046-field_3\" class=\"wpforms-field-large wpforms-field-required\" name=\"wpforms[fields][3]\" required><\/div><div id=\"wpforms-6046-field_1-container\" class=\"wpforms-field wpforms-field-email wpforms-one-half\" data-field-id=\"1\"><label class=\"wpforms-field-label\" for=\"wpforms-6046-field_1\">E-NASLOV <span class=\"wpforms-required-label\">*<\/span><\/label><input type=\"email\" id=\"wpforms-6046-field_1\" class=\"wpforms-field-large wpforms-field-required\" name=\"wpforms[fields][1]\" required><\/div><div id=\"wpforms-6046-field_9-container\" class=\"wpforms-field wpforms-field-address\" data-field-id=\"9\"><label class=\"wpforms-field-label\" for=\"wpforms-6046-field_9\">NASLOV <span class=\"wpforms-required-label\">*<\/span><\/label><div class=\"wpforms-field-row wpforms-field-large\"><div ><input type=\"text\" id=\"wpforms-6046-field_9\" class=\"wpforms-field-address-address1 wpforms-field-required\" name=\"wpforms[fields][9][address1]\" required><label for=\"wpforms-6046-field_9\" class=\"wpforms-field-sublabel after \">Hi\u0161ni naslov<\/label><\/div><\/div><div class=\"wpforms-field-row wpforms-field-large\"><div class=\"wpforms-field-row-block wpforms-one-half wpforms-first\"><input type=\"text\" id=\"wpforms-6046-field_9-city\" class=\"wpforms-field-address-city wpforms-field-required\" name=\"wpforms[fields][9][city]\" required><label for=\"wpforms-6046-field_9-city\" class=\"wpforms-field-sublabel after \">Mesto<\/label><\/div><div class=\"wpforms-field-row-block wpforms-one-half\"><input type=\"text\" id=\"wpforms-6046-field_9-state\" class=\"wpforms-field-address-state wpforms-field-required\" name=\"wpforms[fields][9][state]\" required><label for=\"wpforms-6046-field_9-state\" class=\"wpforms-field-sublabel after \">Dr\u017eava<\/label><\/div><\/div><div class=\"wpforms-field-row wpforms-field-large\"><div class=\"wpforms-field-row-block wpforms-one-half wpforms-first\"><input type=\"text\" id=\"wpforms-6046-field_9-postal\" class=\"wpforms-field-address-postal wpforms-field-required\" name=\"wpforms[fields][9][postal]\" required><label for=\"wpforms-6046-field_9-postal\" class=\"wpforms-field-sublabel after \">Po\u0161tna \u0161tevilka<\/label><\/div><\/div><\/div><div id=\"wpforms-6046-field_10-container\" class=\"wpforms-field wpforms-field-phone\" data-field-id=\"10\"><label class=\"wpforms-field-label\" for=\"wpforms-6046-field_10\">TELEFONSKA \u0160TEVILKA <span class=\"wpforms-required-label\">*<\/span><\/label><input type=\"tel\" id=\"wpforms-6046-field_10\" class=\"wpforms-field-large wpforms-field-required\" name=\"wpforms[fields][10]\" required><\/div><div id=\"wpforms-6046-field_15-container\" class=\"wpforms-field wpforms-field-checkbox\" data-field-id=\"15\"><ul id=\"wpforms-6046-field_15\"><li class=\"choice-1 depth-1\"><input type=\"checkbox\" id=\"wpforms-6046-field_15_1\" name=\"wpforms[fields][15][]\" value=\"\u017delim se naro\u010diti na e-obve\u0161\u010danje o vsebinah vezanih na hormone, od katerih se lahko kadarkoli odjavim. \"  ><label class=\"wpforms-field-label-inline\" for=\"wpforms-6046-field_15_1\">\u017delim se naro\u010diti na e-obve\u0161\u010danje o vsebinah vezanih na hormone, od katerih se lahko kadarkoli odjavim. <\/label><\/li><\/ul><\/div><div id=\"wpforms-6046-field_4-container\" class=\"wpforms-field wpforms-field-checkbox\" data-field-id=\"4\"><ul id=\"wpforms-6046-field_4\" class=\"wpforms-field-required\"><li class=\"choice-2 depth-1\"><input type=\"checkbox\" id=\"wpforms-6046-field_4_2\" name=\"wpforms[fields][4][]\" value=\"Seznanjen sem in se strinjam s &lt;a href=&quot;https:\/\/www.simonegodina.com\/ponudba\/splosni-pogoji\/&quot;&gt;splo\u0161nimi pogoji poslovanja&lt;\/a&gt;.\" required ><label class=\"wpforms-field-label-inline\" for=\"wpforms-6046-field_4_2\">Seznanjen sem in se strinjam s <a href=\"https:\/\/www.simonegodina.com\/ponudba\/splosni-pogoji\/\">splo\u0161nimi pogoji poslovanja<\/a>.<\/label><\/li><\/ul><\/div><\/div><div class=\"wpforms-field wpforms-field-hp\"><label for=\"wpforms-field_hp\" class=\"wpforms-field-label\">Message<\/label><input type=\"text\" name=\"wpforms[hp]\" id=\"wpforms-field_hp\" class=\"wpforms-field-medium\"><\/div><div class=\"wpforms-submit-container\" ><input type=\"hidden\" name=\"wpforms[id]\" value=\"6046\"><input type=\"hidden\" name=\"wpforms[author]\" value=\"1\"><button type=\"submit\" name=\"wpforms[submit]\" class=\"wpforms-submit \" id=\"wpforms-submit-6046\" value=\"wpforms-submit\" data-alt-text=\"Po\u0161iljam...\">\u017dELIM SE PRIJAVITI<\/button><\/div><\/form><\/div><\/div>\n\t\t\t\t<\/div>\n\t\t\t\t<\/div>\n\t\t\t\t\t\t<\/div>\n\t\t\t\t\t<\/div>\n\t\t<\/div>\n\t\t\t\t\t\t\t\t<\/div>\n\t\t\t\t\t<\/div>\n\t\t<\/section>\n\t\t\t\t\t\t<\/div>\n\t\t\t\t\t<\/div>\n\t\t<\/div>\n\t\t\t\t<div class=\"elementor-column elementor-col-33 elementor-top-column elementor-element elementor-element-d5a1208\" data-id=\"d5a1208\" data-element_type=\"column\">\n\t\t\t<div class=\"elementor-column-wrap\">\n\t\t\t\t\t\t\t<div class=\"elementor-widget-wrap\">\n\t\t\t\t\t\t\t\t<\/div>\n\t\t\t\t\t<\/div>\n\t\t<\/div>\n\t\t\t\t\t\t\t\t<\/div>\n\t\t\t\t\t<\/div>\n\t\t<\/section>\n\t\t\t\t\t\t<\/div>\n\t\t\t\t\t\t<\/div>\n\t\t\t\t\t<\/div>\n\t\t","protected":false},"excerpt":{"rendered":"<p>PRIJAVI SE! PRIJAVI SE! Tukaj se lahko prijavi\u0161 na moj 12-tedenski program ABC LAHKOTNA ESTROGENKA. Izpolni spodnja polja in po\u010dakaj na potrditev za uspe\u0161no prijavo. Se vidiva! \ud83d\ude42 REDNA CENA: 647,00 \u20ac AKCIJSKA CENA: 297,00 \u20ac \u00a0<\/p>\n","protected":false},"author":1,"featured_media":6085,"parent":0,"menu_order":0,"comment_status":"closed","ping_status":"closed","template":"","meta":[],"_links":{"self":[{"href":"https:\/\/www.simonegodina.com\/ponudba\/wp-json\/wp\/v2\/pages\/6394"}],"collection":[{"href":"https:\/\/www.simonegodina.com\/ponudba\/wp-json\/wp\/v2\/pages"}],"about":[{"href":"https:\/\/www.simonegodina.com\/ponudba\/wp-json\/wp\/v2\/types\/page"}],"author":[{"embeddable":true,"href":"https:\/\/www.simonegodina.com\/ponudba\/wp-json\/wp\/v2\/users\/1"}],"replies":[{"embeddable":true,"href":"https:\/\/www.simonegodina.com\/ponudba\/wp-json\/wp\/v2\/comments?post=6394"}],"version-history":[{"count":31,"href":"https:\/\/www.simonegodina.com\/ponudba\/wp-json\/wp\/v2\/pages\/6394\/revisions"}],"predecessor-version":[{"id":6596,"href":"https:\/\/www.simonegodina.com\/ponudba\/wp-json\/wp\/v2\/pages\/6394\/revisions\/6596"}],"wp:featuredmedia":[{"embeddable":true,"href":"https:\/\/www.simonegodina.com\/ponudba\/wp-json\/wp\/v2\/media\/6085"}],"wp:attachment":[{"href":"https:\/\/www.simonegodina.com\/ponudba\/wp-json\/wp\/v2\/media?parent=6394"}],"curies":[{"name":"wp","href":"https:\/\/api.w.org\/{rel}","templated":true}]}}